{"id":1859,"date":"2021-02-10T08:31:17","date_gmt":"2021-02-10T07:31:17","guid":{"rendered":"https:\/\/campzonedev.iil.ch\/policy-privacy\/"},"modified":"2021-10-21T15:11:34","modified_gmt":"2021-10-21T13:11:34","slug":"policy-privacy","status":"publish","type":"page","link":"https:\/\/iil-camps.ch\/en\/policy-privacy\/","title":{"rendered":"Policy Privacy"},"content":{"rendered":"<p>Pour le site Internet (le \u00ab Site \u00bb) de l\u2019Institut International de Lancy (l\u2019\u00abInstitut\u00bb).<\/p>\n<h2>1. Introduction<\/h2>\n<p>1.1 Ces conditions d\u2019utilisation et politique de confidentialit\u00e9 (les \u00ab Conditions d\u2019Utilisation \u00bb) r\u00e9gissent l\u2019utilisation des informations et des services mis \u00e0 disposition de l\u2019utilisateur (l\u2019\u00ab Utilisateur \u00bb ou \u00ab Vous \u00bb, les termes \u00ab Vos \u00bb ou \u00ab Votre \u00bb faisant ci-apr\u00e8s directement r\u00e9f\u00e9rence \u00e0 l\u2019Utilisateur) par l\u2019Institut au moyen de ce Site et d\u2019autres sites et applications potentiels exploit\u00e9s par l\u2019Institut. Elles s\u2019appliquent \u00e0 toutes les utilisations qu\u2019en fait actuellement ou qu\u2019en fera \u00e0 l\u2019avenir l\u2019Utilisateur. Par cons\u00e9quent, veuillez lire attentivement ces Conditions d\u2019Utilisation.<\/p>\n<p>1.2 L\u2019Institut met le Site \u00e0 la disposition de l\u2019Utilisateur \u00e0 la condition que celui-ci accepte, sans r\u00e9serves, les pr\u00e9sentes Conditions d\u2019Utilisation. En acc\u00e9dant \u00e0 ce Site et aux pages, services, informations, outils et mat\u00e9riels qu\u2019il contient, Vous reconnaissez accepter et comprendre les pr\u00e9sentes Conditions d\u2019Utilisation. Si vous n\u2019acceptez pas les pr\u00e9sentes Conditions d\u2019Utilisation, veuillez ne pas poursuivre la consultation de ce Site.<\/p>\n<p>1.3 Les informations figurant sur le Site sont s\u00e9lectionn\u00e9es et cat\u00e9goris\u00e9es aux fins exclusives d\u2019informer l\u2019Utilisateur sur l\u2019enseignement et les services propos\u00e9s par l\u2019Institut.<\/p>\n<p>1.4 L\u2019Institut se r\u00e9serve le droit de modifier, \u00e0 tout moment et sans pr\u00e9avis, ces Conditions d\u2019Utilisation ainsi que tous les documents et informations mis \u00e0 disposition sur le Site.<\/p>\n<h2>2. Propri\u00e9t\u00e9 du Site, marque et droit d\u2019auteur<\/h2>\n<p>2.1 L\u2019Institut, ou tout tiers concern\u00e9, conserve tous les droits, titres et int\u00e9r\u00eats (notamment les droits d\u2019auteur, marques, brevets et tous autres droits de propri\u00e9t\u00e9 intellectuelle) sur les informations et contenus (y compris textes, donn\u00e9es, graphiques et logos) du Site. Les pages du Site ne peuvent \u00eatre imprim\u00e9es qu\u2019\u00e0 des fins personnelles ou internes, \u00e0 condition que ces impressions conservent tous les droits d\u2019auteur en vigueur et toutes les autres mentions relatives \u00e0 la propri\u00e9t\u00e9 du Site et des informations qu\u2019il contient. Il est interdit \u00e0 tout Utilisateur, de mani\u00e8re non exhaustive, de modifier, copier, transmettre, afficher, distribuer, reproduire, publier, exploiter, cr\u00e9er des ouvrages d\u00e9riv\u00e9s \u00e0 partir de, ou utiliser de toute autre mani\u00e8re \u00e0 des fins commerciales ou publiques ces informations, textes, graphiques, images, clips vid\u00e9o, r\u00e9pertoires, bases de donn\u00e9es obtenus \u00e0 partir de ce Site, en tout ou en partie, sans l\u2019autorisation \u00e9crite pr\u00e9alable de l\u2019Institut.<\/p>\n<h2>3. Absence de garantie<\/h2>\n<p>3.1 Les informations publi\u00e9es sur le Site sont fournies \u00ab en l\u2019\u00e9tat \u00bb et \u00ab telles quelles \u00bb. L\u2019Institut ne donne aucune garantie de quelque nature que ce soit, expresse ou tacite, quant aux informations, fonctionnalit\u00e9s du Site et \u00e0 l\u2019absence d\u2019erreur. L\u2019Institut ne garantit pas que les d\u00e9fauts \u00e9ventuels seront corrig\u00e9s ou que le Site ou les serveurs qui y donnent acc\u00e8s sont exempts de tout virus ou autres \u00e9l\u00e9ments nocifs. L\u2019Institut ne garantit ni l\u2019exactitude, ni la ponctualit\u00e9, ni l\u2019ad\u00e9quation, ni l\u2019exhaustivit\u00e9, ni la disponibilit\u00e9 du Site ou des informations ou r\u00e9sultats d\u00e9coulant de son utilisation.<\/p>\n<h2>4. Absence de responsabilit\u00e9<\/h2>\n<p>4.1 L\u2019Institut ne sera en aucun cas responsable envers qui que ce soit de pertes directes ou indirectes, de co\u00fbts, de r\u00e9clamations, de frais ou de dommages de quelque nature que ce soit, contractuels ou d\u00e9lictuels, n\u00e9gligence comprise, r\u00e9sultant de l\u2019acc\u00e8s au Site, de son utilisation ou de l\u2019incapacit\u00e9 d\u2019acc\u00e9der au Site ou de l\u2019utiliser, ou de toute action effectu\u00e9e ou non sur cette base, que ledit dommage soit direct, indirect, sp\u00e9cial, accidentel ou cons\u00e9cutif, m\u00eame si l\u2019Institut connaissant ou avait de bonnes raisons de conna\u00eetre la possibilit\u00e9 de tels dommages, demandes d\u2019indemnit\u00e9s ou r\u00e9clamations.<\/p>\n<h2>5. S\u00e9curit\u00e9 des donn\u00e9es<\/h2>\n<p>5.1 Vos donn\u00e9es personnelles sont tr\u00e8s importantes pour l\u2019Institut qui s\u2019engage \u00e0 faire tout son possible pour prot\u00e9ger les donn\u00e9es personnelles que l\u2019Institut collecte, traite ou utilise lors des consultations du Site par l\u2019Utilisateur. Les dispositions qui suivent r\u00e9gissent tout particuli\u00e8rement la politique de confidentialit\u00e9 relative aux donn\u00e9es de l\u2019Utilisateur trait\u00e9es lors de la consultation du Site par l\u2019Utilisateur. L\u2019Institut vous invite \u00e0 consulter \u00ab\u00a0<a href=\"https:\/\/www.iil.ch\/politique-de-confidentialite\/\" target=\"_blank\" rel=\"noopener noreferrer\">Protection des Donn\u00e9es<\/a>\u00a0\u00bb, applicables \u00e0 l\u2019ensemble des prestations propos\u00e9s par l\u2019Institut et d\u00e9taillant notamment les objectifs et les principes \u00e0 la base de tout traitement de Vos donn\u00e9es, les obligations de l\u2019Institut et Vos droits en la mati\u00e8re.<\/p>\n<p>5.2 Lorsque Vous consultez le Site, l\u2019Institut est susceptible de collecter certaines de Vos donn\u00e9es personnelles, par exemple lorsque Vous remplissez un formulaire ou un questionnaire en ligne et communiquez vos coordonn\u00e9es. Ainsi, les donn\u00e9es suivantes sont susceptibles d\u2019\u00eatre collect\u00e9es par l\u2019Institut :<\/p>\n<p>Les donn\u00e9es que vous fournissez<\/p>\n<p>\u2022 Le caract\u00e8re obligatoire ou facultatif des donn\u00e9es que Vous renseignez Vous est signal\u00e9 lors de leur collecte par un ast\u00e9risque.<\/p>\n<p>Formulaire d\u2019inscription<\/p>\n<p>\u2022 Le nom de votre enfant<br \/>\n\u2022 Le pr\u00e9nom de votre enfant<br \/>\n\u2022 Date de naissance de votre enfant<br \/>\n\u2022 Votre nom<br \/>\n\u2022 Votre email<br \/>\n\u2022 Votre t\u00e9l\u00e9phone<br \/>\n\u2022 Vos choix d&#8217;inscriptions<\/p>\n<p>5.3 Le Site utilise \u00e9galement des cookies, soit des fichiers contenant un identifiant (une s\u00e9rie de lettres et de chiffres) qui est envoy\u00e9 par un serveur Web \u00e0 un navigateur Web et stock\u00e9 par le navigateur. L\u2019identifiant est ensuite renvoy\u00e9 au serveur chaque fois que le navigateur fait appel \u00e0 une page du serveur. Il existe deux types de cookies, les cookies \u00ab permanents \u00bb ou les cookies \u00ab de session \u00bb. Un cookie permanent est stock\u00e9 par un navigateur Web et restera actif jusqu\u2019\u00e0 sa date d\u2019expiration pr\u00e9vue, \u00e0 moins que l\u2019Utilisateur ne le supprime avant cette date. Un cookie de session, par contre, expirera \u00e0 la fin de la session de l\u2019Utilisateur, lorsque celui-ci fermera son navigateur Web. Les cookies ne contiennent g\u00e9n\u00e9ralement pas d\u2019informations permettant d\u2019identifier un Utilisateur, mais les renseignements personnels que l\u2019Institut conserve \u00e0 Votre sujet peuvent \u00eatre reli\u00e9s aux informations stock\u00e9es et obtenues \u00e0 partir de cookies. Dans la mesure o\u00f9 ces cookies ne sont pas strictement n\u00e9cessaires \u00e0 la fourniture du contenu et des services du Site, l\u2019Institut vous demande de consentir \u00e0 l\u2019utilisation de cookies lors de Votre premi\u00e8re visite sur le Site. Dans le cas contraire, Vous \u00eates pri\u00e9s de ne pas utiliser le Site.<\/p>\n<p>5.4 Le Site utilise des cookies pour les raisons suivantes :<\/p>\n<p>\u2022 Fonctionnalit\u00e9. Le syst\u00e8me de gestion de contenus Web WordPress, utilis\u00e9 pour g\u00e9rer le Site, utilise des cookies pour garantir son fonctionnement. Il s\u2019agit par exemple de cookies qui sauvegardent le choix de l\u2019Utilisateur relatif au changement de langue (_icl_currrent_language) ou l\u2019affichage de pop-up selon une certaine dur\u00e9e de vie (socials).<br \/>\n\u2022 Consentement aux cookies. Le Site utilise des cookies pour enregistrer les pr\u00e9f\u00e9rences de l\u2019Utilisateur concernant l\u2019utilisation de cookies de mani\u00e8re g\u00e9n\u00e9rale. Les cookies utilis\u00e9s dans ce cadre sont les suivants : cookies_valid.<\/p>\n<p>5.5 Les fournisseurs de services du Site utilisent des cookies et ces cookies peuvent \u00eatre install\u00e9s sur l\u2019ordinateur de l\u2019Utilisateur lorsqu\u2019il consulte le Site. Google Analytics est utilis\u00e9 pour analyser l\u2019utilisation du Site. Google Analytics collecte des informations sur l\u2019utilisation du Site par le biais de cookies. La politique de confidentialit\u00e9 de Google est disponible sur : https:\/\/www.google.com\/policies\/privacy\/. Les cookies utilis\u00e9s dans ce cadre sont les suivants : _ga, _gid, _gat__utma, _utmb, _utmc, _utmt, _utmz. Facebook Ads est utilis\u00e9 \u00e0 des fins de publicit\u00e9 cibl\u00e9e. Facebook d\u00e9pose un pixel afin de montrer les publicit\u00e9s de l\u2019Institut en lien avec des pages consult\u00e9es sur le Site. Il s\u2019agit de campagnes de re-ciblage et de re-marketing. La page de politique de confidentialit\u00e9 de Facebook est disponible sur : https:\/\/www.facebook.com\/policies\/cookies\/. L\u2019h\u00e9bergeur du Site (OVH) utilise deux cookies pour la gestion de son r\u00e9seau et qui ne concernent pas l\u2019exp\u00e9rience de l\u2019Utilisateur. L\u2019Institut ne g\u00e8re pas les cookies des fournisseurs de services du Site et n\u2019a d\u00e8s lors aucun contr\u00f4le, ni de responsabilit\u00e9 sur ces cookies et sur l\u2019utilisation des donn\u00e9es collect\u00e9es par leur biais. L\u2019Utilisateur peut d\u00e9sactiver ces cookies tiers sur leurs sites Web :<br \/>\nGoogle: https:\/\/adssettings.google.com\/authenticated?hl=fr<br \/>\nFacebook: https:\/\/www.facebook.com\/ads\/preferences\/?entry_product=ad_settings_screen<\/p>\n<p>5.6 La plupart des navigateurs permettent de refuser les cookies et de les supprimer. Les m\u00e9thodes pour le faire varient d\u2019un navigateur \u00e0 l\u2019autre et d\u2019une version \u00e0 l\u2019autre. Vous pouvez cependant obtenir des informations \u00e0 jour sur le blocage et la suppression des cookies via les liens suivants :<br \/>\nhttps:\/\/support.google.com\/chrome\/answer\/95647?hl=en (Chrome);<br \/>\nhttps:\/\/support.mozilla.org\/en-US\/kb\/enable-and-disable-cookies-website-preferences(Firefox);<br \/>\nhttp:\/\/www.opera.com\/help\/tutorials\/security\/cookies\/ (Opera);<br \/>\nhttps:\/\/support.microsoft.com\/en-gb\/help\/17442\/windows-internet-explorer-delete-manage-cookies (Internet Explorer);<br \/>\nhttps:\/\/support.apple.com\/kb\/PH21411 (Safari);<br \/>\nhttps:\/\/privacy.microsoft.com\/en-us\/windows-10-microsoft-edge-and-privacy (Edge).<\/p>\n<p>Le blocage de cookies peut avoir un impact n\u00e9gatif sur la convivialit\u00e9 de nombreux sites Internet.<\/p>\n<p>5.7 Les donn\u00e9es collect\u00e9es par l\u2019Institut sont utilis\u00e9es globalement pour am\u00e9liorer la qualit\u00e9 des services que l\u2019Institut propose, et en particulier afin de pouvoir Vous contacter ou \u00e9tudier Votre candidature pour une offre d\u2019emploi et ce, dans le respect le plus strict des dispositions applicables en la mati\u00e8re. L\u2019acc\u00e8s aux donn\u00e9es de l\u2019Utilisateur est limit\u00e9 \u00e0 un usage interne (employ\u00e9s ou agents de l\u2019Institut). L\u2019Institut n\u2019utilise pas les donn\u00e9es collect\u00e9es \u00e0 d\u2019autres fins que celles mentionn\u00e9es ici ou tel que pr\u00e9cis\u00e9 dans ces conditions g\u00e9n\u00e9rales, et l\u2019Institut ne d\u00e9voile pas \u00e0 des tiers les informations personnelles des Utilisateurs sauf si l\u2019Utilisateur concern\u00e9 a donn\u00e9 son accord ou si une disposition l\u00e9gale le permet, voire l\u2019exige.<\/p>\n<p>5.8 Le Site applique des mesures de s\u00e9curit\u00e9 appropri\u00e9es de nature technique et organisationnelle afin d\u2019assurer une protection ad\u00e9quate des donn\u00e9es personnelles collect\u00e9es via le Site contre tout acc\u00e8s non autoris\u00e9, tout abus, toute perte ou destruction desdites donn\u00e9es. Il est toutefois rappel\u00e9 qu\u2019Internet n\u2019est pas consid\u00e9r\u00e9 comme un environnement s\u00fbr, des tiers non autoris\u00e9s pouvant acc\u00e9der aux donn\u00e9es transmises, pouvant entra\u00eener leur divulgation, la modification de leur contenu ou des probl\u00e8mes techniques. L\u2019Institut d\u00e9cline toute responsabilit\u00e9 concernant la s\u00e9curit\u00e9 des informations transmises par l\u2019Utilisateur au cours de la consultation du Site par ce dernier.<\/p>\n<h2>6. Contact<\/h2>\n<p>6.1 Dans les limites des dispositions l\u00e9gales applicables, toutes questions de l\u2019Utilisateur relatives au traitement de ses donn\u00e9es collect\u00e9es sur le Site ou relatives \u00e0 l\u2019utilisation du Site de mani\u00e8re g\u00e9n\u00e9rales sont \u00e0 adresser \u00e0 l\u2019Institut comme suit :<\/p>\n<p>Par courrier : Avenue Eug\u00e8ne Lance 24, 1212 Lancy<br \/>\nPar courriel : dpo@iil.ch<\/p>\n<p>Derni\u00e8re mise \u00e0 jour : mars 2021<\/p>\n","protected":false},"excerpt":{"rendered":"<p>Pour le site Internet (le \u00ab Site \u00bb) de l\u2019Institut International de Lancy (l\u2019\u00abInstitut\u00bb). 1. Introduction 1.1 Ces conditions d\u2019utilisation et politique de confidentialit\u00e9 (les \u00ab Conditions d\u2019Utilisation \u00bb) r\u00e9gissent l\u2019utilisation des informations et des services mis \u00e0 disposition de l\u2019utilisateur (l\u2019\u00ab Utilisateur \u00bb ou \u00ab Vous \u00bb, les termes \u00ab Vos \u00bb ou \u00ab [&hellip;]<\/p>\n","protected":false},"author":1,"featured_media":0,"parent":0,"menu_order":0,"comment_status":"closed","ping_status":"closed","template":"","meta":{"site-sidebar-layout":"default","site-content-layout":"default","ast-site-content-layout":"default","site-content-style":"default","site-sidebar-style":"default","ast-global-header-display":"","ast-banner-title-visibility":"","ast-main-header-display":"","ast-hfb-above-header-display":"","ast-hfb-below-header-display":"","ast-hfb-mobile-header-display":"","site-post-title":"","ast-breadcrumbs-content":"","ast-featured-img":"","footer-sml-layout":"","ast-disable-related-posts":"","theme-transparent-header-meta":"default","adv-header-id-meta":"","stick-header-meta":"default","header-above-stick-meta":"","header-main-stick-meta":"","header-below-stick-meta":"","astra-migrate-meta-layouts":"default","ast-page-background-enabled":"default","ast-page-background-meta":{"desktop":{"background-color":"","background-image":"","background-repeat":"repeat","background-position":"center center","background-size":"auto","background-attachment":"scroll","background-type":"","background-media":"","overlay-type":"","overlay-color":"","overlay-opacity":"","overlay-gradient":""},"tablet":{"background-color":"","background-image":"","background-repeat":"repeat","background-position":"center center","background-size":"auto","background-attachment":"scroll","background-type":"","background-media":"","overlay-type":"","overlay-color":"","overlay-opacity":"","overlay-gradient":""},"mobile":{"background-color":"","background-image":"","background-repeat":"repeat","background-position":"center center","background-size":"auto","background-attachment":"scroll","background-type":"","background-media":"","overlay-type":"","overlay-color":"","overlay-opacity":"","overlay-gradient":""}},"ast-content-background-meta":{"desktop":{"background-color":"var(--ast-global-color-5)","background-image":"","background-repeat":"repeat","background-position":"center center","background-size":"auto","background-attachment":"scroll","background-type":"","background-media":"","overlay-type":"","overlay-color":"","overlay-opacity":"","overlay-gradient":""},"tablet":{"background-color":"var(--ast-global-color-5)","background-image":"","background-repeat":"repeat","background-position":"center center","background-size":"auto","background-attachment":"scroll","background-type":"","background-media":"","overlay-type":"","overlay-color":"","overlay-opacity":"","overlay-gradient":""},"mobile":{"background-color":"var(--ast-global-color-5)","background-image":"","background-repeat":"repeat","background-position":"center center","background-size":"auto","background-attachment":"scroll","background-type":"","background-media":"","overlay-type":"","overlay-color":"","overlay-opacity":"","overlay-gradient":""}},"footnotes":""},"class_list":["post-1859","page","type-page","status-publish","hentry"],"_links":{"self":[{"href":"https:\/\/iil-camps.ch\/en\/wp-json\/wp\/v2\/pages\/1859","targetHints":{"allow":["GET"]}}],"collection":[{"href":"https:\/\/iil-camps.ch\/en\/wp-json\/wp\/v2\/pages"}],"about":[{"href":"https:\/\/iil-camps.ch\/en\/wp-json\/wp\/v2\/types\/page"}],"author":[{"embeddable":true,"href":"https:\/\/iil-camps.ch\/en\/wp-json\/wp\/v2\/users\/1"}],"replies":[{"embeddable":true,"href":"https:\/\/iil-camps.ch\/en\/wp-json\/wp\/v2\/comments?post=1859"}],"version-history":[{"count":0,"href":"https:\/\/iil-camps.ch\/en\/wp-json\/wp\/v2\/pages\/1859\/revisions"}],"wp:attachment":[{"href":"https:\/\/iil-camps.ch\/en\/wp-json\/wp\/v2\/media?parent=1859"}],"curies":[{"name":"wp","href":"https:\/\/api.w.org\/{rel}","templated":true}]}}