{"id":1865,"date":"2021-02-10T08:54:37","date_gmt":"2021-02-10T07:54:37","guid":{"rendered":"https:\/\/campzonedev.iil.ch\/legal-info\/"},"modified":"2024-06-18T14:56:24","modified_gmt":"2024-06-18T12:56:24","slug":"legal-info","status":"publish","type":"page","link":"https:\/\/iil-camps.ch\/en\/legal-info\/","title":{"rendered":"Legal info"},"content":{"rendered":"<p><strong>IIL Camps<\/strong>\u00a0est affili\u00e9 \u00e0 l\u2019<strong>Institut International de Lancy, <strong>enregistr\u00e9 au registre du commerce sous le nom Association Institut de Lancy et le matricule\u00a0<a rel=\"noreferrer noopener\" href=\"https:\/\/www.uid.admin.ch\/Detail.aspx?uid_id=CHE107858361\" target=\"_blank\">CHE-107.858.361<\/a>)\u00a0<\/strong>\u00a0<\/strong><\/p><p><strong>Adresse:<\/strong>\u202f&nbsp;<br>24 Avenue Eug\u00e8ne Lance&nbsp;<br>1212 Grand Lancy&nbsp;<br>Gen\u00e8ve&nbsp;<br><\/p><p>Num\u00e9ro d\u2019identification des entreprises :&nbsp;<strong>CHE-107.858.361<\/strong><\/p><p><strong>Contact<\/strong>&nbsp;<br>Tel. :&nbsp;+41 22 794 26 20&nbsp;<br>campzone@iil.ch&nbsp;<span class=\"has-inline-color has-vivid-red-color\">(Merci d&#8217;utiliser le formulaire de&nbsp;contact&nbsp;pour soumettre une demande)&nbsp;<\/span><\/p><p>Responsable du site\u202f:&nbsp;<strong>M\u00e9lanie&nbsp;D&#8217;ANNA&nbsp;(mdanna@iil.ch) <\/strong><br>Responsable de publication du site : <strong>M\u00e9lanie D&#8217;ANNA (mdanna@iil.ch) <\/strong><br>Responsable technique et de d\u00e9veloppement du site :\u202f <strong>Aur\u00e9lien MOTTIER\u202f (amottier@iil.ch)&nbsp;<\/strong><\/p>","protected":false},"excerpt":{"rendered":"<p>IIL Camps\u00a0est affili\u00e9 \u00e0 l\u2019Institut International de Lancy, enregistr\u00e9 au registre du commerce sous le nom Association Institut de Lancy et le matricule\u00a0CHE-107.858.361)\u00a0\u00a0 Adresse:\u202f&nbsp;24 Avenue Eug\u00e8ne Lance&nbsp;1212 Grand Lancy&nbsp;Gen\u00e8ve&nbsp; Num\u00e9ro d\u2019identification des entreprises :&nbsp;CHE-107.858.361 Contact&nbsp;Tel. :&nbsp;+41 22 794 26 20&nbsp;campzone@iil.ch&nbsp;(Merci d&#8217;utiliser le formulaire de&nbsp;contact&nbsp;pour soumettre une demande)&nbsp; Responsable du site\u202f:&nbsp;M\u00e9lanie&nbsp;D&#8217;ANNA&nbsp;(mdanna@iil.ch) Responsable de publication du site [&hellip;]<\/p>\n","protected":false},"author":1,"featured_media":0,"parent":0,"menu_order":0,"comment_status":"closed","ping_status":"closed","template":"","meta":{"site-sidebar-layout":"default","site-content-layout":"default","ast-site-content-layout":"default","site-content-style":"default","site-sidebar-style":"default","ast-global-header-display":"","ast-banner-title-visibility":"","ast-main-header-display":"","ast-hfb-above-header-display":"","ast-hfb-below-header-display":"","ast-hfb-mobile-header-display":"","site-post-title":"","ast-breadcrumbs-content":"","ast-featured-img":"","footer-sml-layout":"","theme-transparent-header-meta":"default","adv-header-id-meta":"","stick-header-meta":"default","header-above-stick-meta":"","header-main-stick-meta":"","header-below-stick-meta":"","astra-migrate-meta-layouts":"set","ast-page-background-enabled":"default","ast-page-background-meta":{"desktop":{"background-color":"","background-image":"","background-repeat":"repeat","background-position":"center center","background-size":"auto","background-attachment":"scroll","background-type":"","background-media":"","overlay-type":"","overlay-color":"","overlay-opacity":"","overlay-gradient":""},"tablet":{"background-color":"","background-image":"","background-repeat":"repeat","background-position":"center center","background-size":"auto","background-attachment":"scroll","background-type":"","background-media":"","overlay-type":"","overlay-color":"","overlay-opacity":"","overlay-gradient":""},"mobile":{"background-color":"","background-image":"","background-repeat":"repeat","background-position":"center center","background-size":"auto","background-attachment":"scroll","background-type":"","background-media":"","overlay-type":"","overlay-color":"","overlay-opacity":"","overlay-gradient":""}},"ast-content-background-meta":{"desktop":{"background-color":"var(--ast-global-color-5)","background-image":"","background-repeat":"repeat","background-position":"center center","background-size":"auto","background-attachment":"scroll","background-type":"","background-media":"","overlay-type":"","overlay-color":"","overlay-opacity":"","overlay-gradient":""},"tablet":{"background-color":"var(--ast-global-color-5)","background-image":"","background-repeat":"repeat","background-position":"center center","background-size":"auto","background-attachment":"scroll","background-type":"","background-media":"","overlay-type":"","overlay-color":"","overlay-opacity":"","overlay-gradient":""},"mobile":{"background-color":"var(--ast-global-color-5)","background-image":"","background-repeat":"repeat","background-position":"center center","background-size":"auto","background-attachment":"scroll","background-type":"","background-media":"","overlay-type":"","overlay-color":"","overlay-opacity":"","overlay-gradient":""}},"footnotes":""},"class_list":["post-1865","page","type-page","status-publish","hentry"],"_links":{"self":[{"href":"https:\/\/iil-camps.ch\/en\/wp-json\/wp\/v2\/pages\/1865","targetHints":{"allow":["GET"]}}],"collection":[{"href":"https:\/\/iil-camps.ch\/en\/wp-json\/wp\/v2\/pages"}],"about":[{"href":"https:\/\/iil-camps.ch\/en\/wp-json\/wp\/v2\/types\/page"}],"author":[{"embeddable":true,"href":"https:\/\/iil-camps.ch\/en\/wp-json\/wp\/v2\/users\/1"}],"replies":[{"embeddable":true,"href":"https:\/\/iil-camps.ch\/en\/wp-json\/wp\/v2\/comments?post=1865"}],"version-history":[{"count":1,"href":"https:\/\/iil-camps.ch\/en\/wp-json\/wp\/v2\/pages\/1865\/revisions"}],"predecessor-version":[{"id":946912,"href":"https:\/\/iil-camps.ch\/en\/wp-json\/wp\/v2\/pages\/1865\/revisions\/946912"}],"wp:attachment":[{"href":"https:\/\/iil-camps.ch\/en\/wp-json\/wp\/v2\/media?parent=1865"}],"curies":[{"name":"wp","href":"https:\/\/api.w.org\/{rel}","templated":true}]}}